{"id":6,"date":"2016-10-27T18:59:53","date_gmt":"2016-10-27T16:59:53","guid":{"rendered":"https:\/\/wandzeitungstift.wordpress.com\/?page_id=2"},"modified":"2022-10-28T20:57:37","modified_gmt":"2022-10-28T19:57:37","slug":"ueber","status":"publish","type":"page","link":"https:\/\/www.stiftsforum.ch\/blog\/?page_id=6","title":{"rendered":"Das Team"},"content":{"rendered":"<p><strong>Die Online-Sch\u00fclerzeitung entstand im Rahmen des Kursfaches &#8220;Schulredaktion&#8221;. Auch im aktuellen Schuljahr sind acht Sch\u00fclerinnen und Sch\u00fcler der 1.- 3. Klassen mit wachem Auge unterwegs und berichten von Schulveranstaltungen, Exkursionen, neuen Lehrpersonen und spannenden Facts aus dem Schulalltag.\u00a0\u00a0<\/strong><\/p>\n<p style=\"text-align: justify;\">Wir verwenden grunds\u00e4tzlich\u00a0unsere eigenen Fotos oder Symbolbilder, welche zur kommerziellen Nutzung und Wiederverwendung gekennzeichnet sind, ansonsten wird die Fotografin bzw. der Fotograf genannt.<br \/>F\u00fcr unsere Buch- und Filmkritiken\u00a0werden jedoch Bilder aus dem Internet bezogen. Es bestehen keinerlei Rechte oder Anspr\u00fcche auf diese Bilder.<\/p>\n<p style=\"text-align: justify;\">Sechs der acht Redakteure bei der Recherche:\u00a0<\/p>\n\n\n<figure class=\"wp-block-image size-large\"><a href=\"https:\/\/i1.wp.com\/www.stiftsforum.ch\/blog\/wp-content\/uploads\/2022\/10\/20221024_164104-scaled.jpg\"><img data-attachment-id=\"5582\" data-permalink=\"https:\/\/www.stiftsforum.ch\/blog\/?attachment_id=5582\" data-orig-file=\"https:\/\/i1.wp.com\/www.stiftsforum.ch\/blog\/wp-content\/uploads\/2022\/10\/20221024_164104-scaled.jpg?fit=2560%2C1920&amp;ssl=1\" data-orig-size=\"2560,1920\" data-comments-opened=\"1\" data-image-meta=\"{&quot;aperture&quot;:&quot;1.8&quot;,&quot;credit&quot;:&quot;&quot;,&quot;camera&quot;:&quot;SM-A528B&quot;,&quot;caption&quot;:&quot;&quot;,&quot;created_timestamp&quot;:&quot;1666629664&quot;,&quot;copyright&quot;:&quot;&quot;,&quot;focal_length&quot;:&quot;5.23&quot;,&quot;iso&quot;:&quot;160&quot;,&quot;shutter_speed&quot;:&quot;0.01&quot;,&quot;title&quot;:&quot;&quot;,&quot;orientation&quot;:&quot;1&quot;}\" data-image-title=\"20221024_164104\" data-image-description=\"\" data-medium-file=\"https:\/\/i1.wp.com\/www.stiftsforum.ch\/blog\/wp-content\/uploads\/2022\/10\/20221024_164104-scaled.jpg?fit=300%2C225&amp;ssl=1\" data-large-file=\"https:\/\/i1.wp.com\/www.stiftsforum.ch\/blog\/wp-content\/uploads\/2022\/10\/20221024_164104-scaled.jpg?fit=800%2C600&amp;ssl=1\" loading=\"lazy\" width=\"800\" height=\"600\" src=\"https:\/\/i0.wp.com\/www.stiftsforum.ch\/blog\/wp-content\/uploads\/2022\/10\/20221024_164104.jpg?resize=800%2C600\" alt=\"\" class=\"wp-image-5582\" srcset=\"https:\/\/i1.wp.com\/www.stiftsforum.ch\/blog\/wp-content\/uploads\/2022\/10\/20221024_164104-scaled.jpg?resize=1024%2C768&amp;ssl=1 1024w, https:\/\/i1.wp.com\/www.stiftsforum.ch\/blog\/wp-content\/uploads\/2022\/10\/20221024_164104-scaled.jpg?resize=300%2C225&amp;ssl=1 300w, https:\/\/i1.wp.com\/www.stiftsforum.ch\/blog\/wp-content\/uploads\/2022\/10\/20221024_164104-scaled.jpg?resize=768%2C576&amp;ssl=1 768w, https:\/\/i1.wp.com\/www.stiftsforum.ch\/blog\/wp-content\/uploads\/2022\/10\/20221024_164104-scaled.jpg?resize=1536%2C1152&amp;ssl=1 1536w, https:\/\/i1.wp.com\/www.stiftsforum.ch\/blog\/wp-content\/uploads\/2022\/10\/20221024_164104-scaled.jpg?resize=2048%2C1536&amp;ssl=1 2048w, https:\/\/i1.wp.com\/www.stiftsforum.ch\/blog\/wp-content\/uploads\/2022\/10\/20221024_164104-scaled.jpg?w=1600 1600w, https:\/\/i1.wp.com\/www.stiftsforum.ch\/blog\/wp-content\/uploads\/2022\/10\/20221024_164104-scaled.jpg?w=2400 2400w\" sizes=\"(max-width: 800px) 100vw, 800px\" data-recalc-dims=\"1\" \/><\/a><\/figure>\n","protected":false},"excerpt":{"rendered":"<p>Dies ist nur eine Kurzfassung der Seite&amp;nbsp;\u201e\u00dcber\u201c.<\/p>\n","protected":false},"author":1,"featured_media":0,"parent":0,"menu_order":1,"comment_status":"closed","ping_status":"closed","template":"","meta":{"spay_email":""},"jetpack_sharing_enabled":false,"jetpack_shortlink":"https:\/\/wp.me\/P9nzRF-6","jetpack_likes_enabled":true,"jetpack-related-posts":[{"id":29,"url":"https:\/\/www.stiftsforum.ch\/blog\/?page_id=29","url_meta":{"origin":6,"position":0},"title":"Schulanl\u00e4sse","date":"Oktober 27, 2016","format":false,"excerpt":"Hier erfahrt ihr entweder im Vorn- oder im Nachhinein alles \u00fcber die schulinternen Veranstaltungen. Von Theater-Auff\u00fchrungen \u00fcber Lesungen bis zum allj\u00e4hrlichen \"Vollmondschlitteln\" ist die Redaktion dabei und weist\u00a0euch sowohl an der physischen Wandzeitung im Schulgang, als auch auf der Webseite darauf hin, damit ihr immer und \u00fcberall informiert seid! \u00a0","rel":"","context":"\u00c4hnlicher Beitrag","img":{"alt_text":"abschluss-schule-hut_318-31221","src":"https:\/\/wandzeitungstift.files.wordpress.com\/2016\/10\/abschluss-schule-hut_318-31221.jpg?w=350&h=200&crop=1","width":350,"height":200},"classes":[]},{"id":81,"url":"https:\/\/www.stiftsforum.ch\/blog\/?page_id=81","url_meta":{"origin":6,"position":1},"title":"Schule unterwegs","date":"Oktober 28, 2016","format":false,"excerpt":"","rel":"","context":"\u00c4hnlicher Beitrag","img":{"alt_text":"","src":"","width":0,"height":0},"classes":[]},{"id":85,"url":"https:\/\/www.stiftsforum.ch\/blog\/?page_id=85","url_meta":{"origin":6,"position":2},"title":"Internat","date":"Oktober 28, 2016","format":false,"excerpt":"Hier findest du \u00a0Beitr\u00e4ge zum Internatsleben an\u00a0der Stiftsschule Einsiedeln. Egal ob Ausfl\u00fcge, spezielle Anl\u00e4sse oder eine Neuerung, alles rund ums Internat gibt es hier \u00a0","rel":"","context":"\u00c4hnlicher Beitrag","img":{"alt_text":"","src":"","width":0,"height":0},"classes":[]},{"id":30,"url":"https:\/\/www.stiftsforum.ch\/blog\/?page_id=30","url_meta":{"origin":6,"position":3},"title":"Redaktion on Tour","date":"Oktober 27, 2016","format":false,"excerpt":"Unter dieser Rubrik findet ihr schulexterne Anl\u00e4sse, die zu den verschiedensten Themen geh\u00f6ren k\u00f6nnen. So besuchte die Redaktion bereits Theater- oder Opernauff\u00fchrungen und Exkursionen der Kurs- oder Schwerpunktf\u00e4cher werden zu jeder Gelegenheit hier dokumentiert. Ihr k\u00f6nnt euch so Freizeitanregungen holen oder vielleicht seid ihr im n\u00e4chsten Jahr beim einen\u00a0oder anderen\u2026","rel":"","context":"\u00c4hnlicher Beitrag","img":{"alt_text":"ijw2011","src":"https:\/\/wandzeitungstift.files.wordpress.com\/2016\/10\/ijw2011.png?w=350&h=200&crop=1","width":350,"height":200},"classes":[]}],"_links":{"self":[{"href":"https:\/\/www.stiftsforum.ch\/blog\/index.php?rest_route=\/wp\/v2\/pages\/6"}],"collection":[{"href":"https:\/\/www.stiftsforum.ch\/blog\/index.php?rest_route=\/wp\/v2\/pages"}],"about":[{"href":"https:\/\/www.stiftsforum.ch\/blog\/index.php?rest_route=\/wp\/v2\/types\/page"}],"author":[{"embeddable":true,"href":"https:\/\/www.stiftsforum.ch\/blog\/index.php?rest_route=\/wp\/v2\/users\/1"}],"replies":[{"embeddable":true,"href":"https:\/\/www.stiftsforum.ch\/blog\/index.php?rest_route=%2Fwp%2Fv2%2Fcomments&post=6"}],"version-history":[{"count":20,"href":"https:\/\/www.stiftsforum.ch\/blog\/index.php?rest_route=\/wp\/v2\/pages\/6\/revisions"}],"predecessor-version":[{"id":5584,"href":"https:\/\/www.stiftsforum.ch\/blog\/index.php?rest_route=\/wp\/v2\/pages\/6\/revisions\/5584"}],"wp:attachment":[{"href":"https:\/\/www.stiftsforum.ch\/blog\/index.php?rest_route=%2Fwp%2Fv2%2Fmedia&parent=6"}],"curies":[{"name":"wp","href":"https:\/\/api.w.org\/{rel}","templated":true}]}}